{"id":2294,"date":"2024-03-12T00:29:50","date_gmt":"2024-03-12T03:29:50","guid":{"rendered":"http:\/\/autobras.com.br\/novo\/?page_id=2294"},"modified":"2024-06-06T15:46:58","modified_gmt":"2024-06-06T18:46:58","slug":"residenciais","status":"publish","type":"page","link":"https:\/\/autobras.com.br\/?page_id=2294","title":{"rendered":"Cases &#8211; Uso Misto e Residenciais"},"content":{"rendered":"\t\t<div data-elementor-type=\"wp-page\" data-elementor-id=\"2294\" class=\"elementor elementor-2294\">\n\t\t\t\t\t\t<section class=\"elementor-section elementor-top-section elementor-element elementor-element-af1c270 elementor-section-full_width elementor-section-height-default elementor-section-height-default\" data-id=\"af1c270\" data-element_type=\"section\" data-settings=\"{&quot;background_background&quot;:&quot;slideshow&quot;,&quot;background_slideshow_gallery&quot;:[{&quot;id&quot;:1884,&quot;url&quot;:&quot;https:\\\/\\\/autobras.com.br\\\/wp-content\\\/uploads\\\/2023\\\/02\\\/home-slider-1-slide-1.jpg&quot;},{&quot;id&quot;:1981,&quot;url&quot;:&quot;https:\\\/\\\/autobras.com.br\\\/wp-content\\\/uploads\\\/2024\\\/01\\\/bg1.jpg&quot;}],&quot;background_slideshow_ken_burns&quot;:&quot;yes&quot;,&quot;background_slideshow_loop&quot;:&quot;yes&quot;,&quot;background_slideshow_slide_duration&quot;:5000,&quot;background_slideshow_slide_transition&quot;:&quot;fade&quot;,&quot;background_slideshow_transition_duration&quot;:500,&quot;background_slideshow_ken_burns_zoom_direction&quot;:&quot;in&quot;}\">\n\t\t\t\t\t\t\t<div class=\"elementor-background-overlay\"><\/div>\n\t\t\t\t\t\t\t<div class=\"elementor-container elementor-column-gap-default\">\n\t\t\t\t\t<div class=\"elementor-column elementor-col-100 elementor-top-column elementor-element elementor-element-786e665\" data-id=\"786e665\" data-element_type=\"column\">\n\t\t\t<div class=\"elementor-widget-wrap elementor-element-populated\">\n\t\t\t\t\t\t<div class=\"elementor-element elementor-element-ec58987 elementor-widget elementor-widget-gva_post_breadcrumb\" data-id=\"ec58987\" data-element_type=\"widget\" data-widget_type=\"gva_post_breadcrumb.default\">\n\t\t\t\t<div class=\"elementor-widget-container\">\n\t\t\t<div class=\"gva-element-gva_post_breadcrumb gva-element\">   \r\n<div class=\"post-breadcrumb\">\r\n   <div class=\"custom-breadcrumb \" >\r\n            <div class=\"breadcrumb-main\">\r\n        <div class=\"container\">\r\n          <div class=\"breadcrumb-container-inner\">\r\n            <h2 class=\"heading-title\">Cases \u2013 Uso Misto e Residenciais<\/h2><ol class=\"breadcrumb\"><li><a href=\"https:\/\/autobras.com.br\">Home<\/a> <\/li> <li class=\"active\">P\u00e1gina<\/li><\/ol>          <\/div>  \r\n        <\/div>   \r\n      <\/div>  \r\n   <\/div>\r\n<\/div>      \r\n\r\n<\/div>\t\t<\/div>\n\t\t\t\t<\/div>\n\t\t\t\t\t<\/div>\n\t\t<\/div>\n\t\t\t\t\t<\/div>\n\t\t<\/section>\n\t\t\t\t<section class=\"elementor-section elementor-top-section elementor-element elementor-element-ea7119d elementor-section-boxed elementor-section-height-default elementor-section-height-default\" data-id=\"ea7119d\" data-element_type=\"section\" data-settings=\"{&quot;background_background&quot;:&quot;classic&quot;}\">\n\t\t\t\t\t\t<div class=\"elementor-container elementor-column-gap-default\">\n\t\t\t\t\t<div class=\"elementor-column elementor-col-100 elementor-top-column elementor-element elementor-element-5b0f2b8\" data-id=\"5b0f2b8\" data-element_type=\"column\" data-settings=\"{&quot;background_background&quot;:&quot;classic&quot;}\">\n\t\t\t<div class=\"elementor-widget-wrap elementor-element-populated\">\n\t\t\t\t\t\t<div class=\"elementor-element elementor-element-86fb806 elementor-widget elementor-widget-html\" data-id=\"86fb806\" data-element_type=\"widget\" data-widget_type=\"html.default\">\n\t\t\t\t<div class=\"elementor-widget-container\">\n\t\t\t<style>\r\r.col-lg-6 { float: left; }\r\r.rd-navbar-nav li:nth-child(6) a:after {\r\rcontent: '';\r\r    position: absolute;\r\r    bottom: -1px;\r\r    left: 0;\r\r    width: 0;\r\r    height: 3px;\r\r    max-width: 100%;\r\r\twidth:100%;\r\r    background: #0094ae;\r\r    transition: .33s all ease-out;\r\r}\r\r.elementor-element.elementor-widget-empty { background: none; }\r\r\r.post-left { float: left; margin-right: 15px; }\r\r\r.rd-navbar-nav li ul li a:after { display:none; }\r\r\r\rp.text-cello { margin-top: 15px; }\r\r\r.servicos { padding-top: 50px; }\r.servicos p { margin: 0 0 5px 0; font-size: 15px; color:#333; font-weight: 500; }\r\r.servicos p i { margin-right: 7px; color: #0094ae; width: 17px; }\r\rh3 {margin-top:50px;}\r\rh3:first {margin-top: 0; }\r\r\r\rh5 { font-weight: 500; }\r\rh5 i { margin-left: 10px; color: #777;  }\r\r\r\r.post-minimal { min-height: 280px; position: relative; }\r\r\/*.post-minimal .post-image img { border-radius: 10px; width: 80%; }*\/\r\r\r\r.tag-andamento {position: absolute; background: #084270; top: 0; right: 0; padding: 5px 10px; width: calc( 100% - 220px ); text-align: center; color: #fff; }\r\r.tag-andamento i {  font-style: normal; margin-right: 3px; }\r\r\r\r@media only screen and (max-width: 768px) {\r\r  .tag-andamento { position: absolute; width: 100%; }\r  \r  .post-left { float: none; text-align: center; } \r  h5  { font-size: 18px; }\r  .servicos { padding-top: 10px!important; padding-bottom: 20px; }\r  \r  .col-lg-6 { margin-bottom: 20px; border-bottom:1px solid #d9d9d9; }\r\r}\r\r\r\r<\/style>\r\r\r<div class=\"col-md-10 col-lg-6\">\r  <h5>Edif\u00edcio Infinity - S\u00e3o Paulo \u2013 SP  <i><\/i><\/h5>\r\r  <article class=\"post-minimal\">\r\r    <div class=\"post-left\">\r\r      <figure class=\"post-image\"><img decoding=\"async\" src=\"https:\/\/autobras.com.br\/wp-content\/uploads\/2024\/06\/Design-sem-nome-1.png\" alt=\"\" width=\"220\" height=\"224\"><\/figure>\r\r\r    <\/div>\r\r    <div class=\"post-body\">\r\r      <p>\r\r        <div class=\"servicos\">\r\r          <p><i class=\"fa fa-desktop\" aria-hidden=\"true\"><\/i> Circuito Fechado de TV - CFTV<\/p>\r\r\r          <p><i class=\"fa fa-lock\"><\/i> Controle de Acesso<\/p>\r                     <p><i class=\"fa fa-cogs\"><\/i> Alarme Perimetral<\/p>\r          <p><i class=\"fa fa-phone\"><\/i> Telecomunica\u00e7\u00f5es<\/p>\r        <\/div>\r\r      <\/p>\r\r    <\/div>\r    \r     <div class=\"tag-andamento\"><\/div>\r     \r  <\/article>\r\r<\/div>\r\r\r<div class=\"col-md-10 col-lg-6\">\r  <h5>Helbor Patteo Klabin - S\u00e3o Paulo \u2013 SP  <i><\/i><\/h5>\r\r  <article class=\"post-minimal\">\r\r    <div class=\"post-left\">\r\r      <figure class=\"post-image\"><img decoding=\"async\" src=\"https:\/\/autobras.com.br\/wp-content\/uploads\/2024\/03\/Helbor-Patteo-Klabin.png\" alt=\"\" width=\"220\" height=\"224\"><\/figure>\r\r\r    <\/div>\r\r    <div class=\"post-body\">\r\r      <p>\r\r        <div class=\"servicos\">\r\r          <p><i class=\"fa fa-desktop\" aria-hidden=\"true\"><\/i> Circuito Fechado de TV - CFTV<\/p>\r\r          <p><i class=\"fa fa-sitemap\"><\/i> Cabeamento Estruturado<\/p>\r\r          <p><i class=\"fa fa-lock\"><\/i> Controle de Acesso<\/p>\r          <p><i class=\"fa fa-fire\"><\/i> Detec\u00e7\u00e3o e Alarme de Inc\u00eandio - SDAI<\/p>\r          <p><i class=\"fa fa-phone\"><\/i> Telecomunica\u00e7\u00f5es<\/p>\r        <\/div>\r\r      <\/p>\r\r    <\/div>\r    \r     <div class=\"tag-andamento\"><\/div>\r     \r  <\/article>\r\r<\/div>\r\r\r\r\r\r\r\r\r\r\r\r\r\r\r\r\r\r\r\r\r\r\r\r\r\r\r\r\r\r\r\r\r\r\r\r<\/div>\r\r\r<div class=\"col-md-10 col-lg-6\">\r\r  <h5>Parque Global - S\u00e3o Paulo \u2013 SP  <i><\/i><\/h5>\r\r  <article class=\"post-minimal\">\r\r    <div class=\"post-left\">\r\r      <figure class=\"post-image\"><img fetchpriority=\"high\" decoding=\"async\" src=\"https:\/\/autobras.com.br\/wp-content\/uploads\/2024\/03\/Parque-Global.png\" alt=\"\" width=\"220\" height=\"240\"><\/figure>\r\r    <\/div>\r\r    <div class=\"post-body\">\r\r      <p>\r\r        <div class=\"servicos\">\r\r<p><i class=\"fa fa-cogs\"><\/i> Automa\u00e7\u00e3o Predial<\/p>\r<p><i class=\"fa fa-lock\"><\/i> Controle de Acesso<\/p>\r<p><i class=\"fa fa-desktop\" aria-hidden=\"true\"><\/i> Circuito Fechado de TV - CFTV<\/p>\r<p><i class=\"fa fa-fire\"><\/i> Detec\u00e7\u00e3o e Alarme de Inc\u00eandio - SDAI<\/p>\r<p><i class=\"fa fa-phone\"><\/i> Telecomunica\u00e7\u00f5es<\/p>\r<p><i class=\"fa fa-volume-up\"><\/i> Sonoriza\u00e7\u00e3o Ambiente<\/p>\r\r        <\/div>\r\r      <\/p>\r\r    <\/div>\r <div class=\"tag-andamento\"><\/div>\r  <\/article>\r\r\r\r<\/div>\r\r<div class=\"col-md-10 col-lg-6\">\r\r  <h5>Arborea Itaim - S\u00e3o Paulo \u2013 SP  <i><\/i><\/h5>\r\r  <article class=\"post-minimal\">\r\r    <div class=\"post-left\">\r\r      <figure class=\"post-image\"><img loading=\"lazy\" decoding=\"async\" src=\"https:\/\/autobras.com.br\/wp-content\/uploads\/2024\/03\/Arborea-Itaim.png\" alt=\"\" width=\"220\" height=\"224\"><\/figure>\r\r    <\/div>\r\r    <div class=\"post-body\">\r\r      <p>\r\r        <div class=\"servicos\">\r\r<p><i class=\"fa fa-cogs\"><\/i> Automa\u00e7\u00e3o Predial<\/p>\r<p><i class=\"fa fa-lock\"><\/i> Controle de Acesso<\/p>\r<p><i class=\"fa fa-desktop\" aria-hidden=\"true\"><\/i> Circuito Fechado de TV - CFTV<\/p>\r<p><i class=\"fa fa-fire\"><\/i> Detec\u00e7\u00e3o e Alarme de Inc\u00eandio - SDAI<\/p>\r<p><i class=\"fa fa-phone\"><\/i> Telecomunica\u00e7\u00f5es<\/p>\r\r\r        <\/div>\r\r      <\/p>\r\r    <\/div>\r<div class=\"tag-andamento\"><\/div>\r  <\/article>\r\r<\/div>\r\r<div class=\"col-md-10 col-lg-6\">\r\r  <h5>The Frame - S\u00e3o Paulo \u2013 SP  <i><\/i><\/h5>\r\r  <article class=\"post-minimal\">\r\r    <div class=\"post-left\">\r\r      <figure class=\"post-image\"><img loading=\"lazy\" decoding=\"async\" src=\"https:\/\/autobras.com.br\/wp-content\/uploads\/2024\/03\/The-Frame.png\" alt=\"\" width=\"220\" height=\"224\"><\/figure>\r\r    <\/div>\r\r    <div class=\"post-body\">\r\r      <p>\r\r        <div class=\"servicos\">\r<p><i class=\"fa fa-cogs\"><\/i> Automa\u00e7\u00e3o Predial<\/p>\r<p><i class=\"fa fa-desktop\" aria-hidden=\"true\"><\/i> Circuito Fechado de TV - CFTV<\/p>\r<p><i class=\"fa fa-lock\"><\/i> Controle de Acesso<\/p>\r<p><i class=\"fa fa-phone\"><\/i> Telecomunica\u00e7\u00f5es<\/p>\r\r        <\/div>\r\r      <\/p>\r\r    <\/div>\r<div class=\"tag-andamento\"><\/div>\r  <\/article>\r\r<\/div>\r\r<div class=\"col-md-10 col-lg-6\">\r\r  <h5>Oscar Itaim - S\u00e3o Paulo \u2013 SP  <i><\/i><\/h5>\r\r  <article class=\"post-minimal\">\r\r    <div class=\"post-left\">\r\r      <figure class=\"post-image\"><img loading=\"lazy\" decoding=\"async\" src=\"https:\/\/autobras.com.br\/wp-content\/uploads\/2024\/03\/Oscar-Itaim.png\" alt=\"\" width=\"220\" height=\"224\"><\/figure>\r\r    <\/div>\r\r    <div class=\"post-body\">\r\r      <p>\r\r        <div class=\"servicos\">\r\r<p><i class=\"fa fa-cogs\"><\/i> Automa\u00e7\u00e3o Predial<\/p>\r<p><i class=\"fa fa-desktop\" aria-hidden=\"true\"><\/i> Circuito Fechado de TV - CFTV<\/p>\r<p><i class=\"fa fa-lock\"><\/i> Controle de Acesso<\/p>\r<p><i class=\"fa fa-phone\"><\/i> Telecomunica\u00e7\u00f5es<\/p>\r\r        <\/div>\r\r      <\/p>\r\r    <\/div>\r<div class=\"tag-andamento\"><\/div>\r  <\/article>\r\r<\/div>\r\r\r<div class=\"col-md-10 col-lg-6\">\r\r  <h5>Fasano Residences <i><\/i><\/h5>\r\r  <article class=\"post-minimal\">\r\r    <div class=\"post-left\">\r\r      <figure class=\"post-image\"><img loading=\"lazy\" decoding=\"async\" src=\"https:\/\/autobras.com.br\/wp-content\/uploads\/2024\/03\/Fasano.png\" alt=\"\" width=\"220\" height=\"224\"><\/figure>\r\r    <\/div>\r\r\r\r    <div class=\"post-body\">\r\r      <p>\r\r        <div class=\"servicos\">\r\r       <p><i class=\"fa fa-cogs\"><\/i> Automa\u00e7\u00e3o Predial<\/p>\r       <p><i class=\"fa fa-lock\"><\/i> Controle de Acesso<\/p>\r       <p><i class=\"fa fa-desktop\" aria-hidden=\"true\"><\/i> Circuito Fechado de TV - CFTV<\/p>\r       <p><i class=\"fa fa-fire\"><\/i> Detec\u00e7\u00e3o e Alarme de Inc\u00eandio - SDAI<\/p>\r       <p><i class=\"fa fa-phone\"><\/i> Telecomunica\u00e7\u00f5es<\/p>\r       <p><i class=\"fa fa-bell-o\"><\/i> Alarme de Intrus\u00e3o<\/p>\r\r        <\/div>\r\r      <\/p>\r\r    <\/div>\r\r    <div class=\"tag-andamento\"><\/div>\r\r  <\/article>\r\r<\/div>\r\r<div class=\"col-md-10 col-lg-6\">\r\r <h5>Resid\u00eancia Cidade Jardim - S\u00e3o Paulo SP  <i><\/i><\/h5>\r\r        <article class=\"post-minimal\">\r\r          <div class=\"post-left\">\r\r            <figure class=\"post-image\"><img loading=\"lazy\" decoding=\"async\" src=\"https:\/\/autobras.com.br\/wp-content\/uploads\/2024\/03\/Residencia-Cidade-Jardim.png\" alt=\"\" width=\"220\" height=\"224\">\r\r            <\/figure>\r\r          <\/div>\r\r          <div class=\"post-body\">\r\r\r\r            <p>\r\r    <div class=\"servicos\">\r\r    <p><i class=\"fa fa-cogs\"><\/i> Automa\u00e7\u00e3o Predial<\/p>\r\r    <p><i class=\"fa fa-desktop\" aria-hidden=\"true\"><\/i> Circuito Fechado de TV - CFTV<\/p>\r\r    <p><i class=\"fa fa-fire\"><\/i> Detec\u00e7\u00e3o e Alarme de Inc\u00eandio - SDAI<\/p>\r\r    <p><i class=\"fa fa-lock\"><\/i> Controle de Acesso - SCA<\/p>\r\r\r\r    <\/div>\r\r    <\/p>\r\r    <\/div>\r<div class=\"tag-andamento\"><\/div>\r  <\/article>\r\r<\/div>\r\r<div class=\"col-md-10 col-lg-6\">\r\r <h5>Vitra - S\u00e3o Paulo - SP  <i><\/i><\/h5>\r\r        <article class=\"post-minimal\">\r\r          <div class=\"post-left\">\r\r            <figure class=\"post-image\"><img loading=\"lazy\" decoding=\"async\" src=\"https:\/\/autobras.com.br\/wp-content\/uploads\/2024\/03\/Vitra.png\" alt=\"\" width=\"220\" height=\"224\">\r\r            <\/figure>\r\r          <\/div>\r\r          <div class=\"post-body\">\r\r\r\r            <p>\r\r    <div class=\"servicos\">\r\r    <p><i class=\"fa fa-cogs\"><\/i> Automa\u00e7\u00e3o Predial<\/p>\r\r    <p><i class=\"fa fa-desktop\" aria-hidden=\"true\"><\/i> Circuito Fechado de TV - CFTV<\/p>\r\r    <p><i class=\"fa fa-fire\"><\/i> Detec\u00e7\u00e3o e Alarme de Inc\u00eandio - SDAI<\/p>\r\r    <p><i class=\"fa fa-lock\"><\/i> Controle de Acesso - SCA<\/p>\r\r\r\r    <\/div>\r\r    <\/p>\r\r    <\/div>\r  <div class=\"tag-andamento\"><\/div>\r  <\/article>\r\r<\/div>\r\r<div class=\"col-md-10 col-lg-6\">\r\r    <h5>Oscar Ibirapuera - S\u00e3o Paulo - SP <i><\/i><\/h5>\r\r    <article class=\"post-minimal\">\r\r      <div class=\"post-left\">\r\r        <figure class=\"post-image\"><img loading=\"lazy\" decoding=\"async\" src=\"https:\/\/autobras.com.br\/wp-content\/uploads\/2024\/03\/Oscar-Ibirapuera.png\" alt=\"\" width=\"220\" height=\"224\"><\/figure>\r\r      <\/div>\r\r  \r\r      <div class=\"post-body\">\r\r        <p>\r\r          <div class=\"servicos\">\r\r            <p><i class=\"fa fa-cogs\"><\/i> Automa\u00e7\u00e3o Predial<\/p>\r\r            <p><i class=\"fa fa-lock\"><\/i> Controle de Acesso<\/p>\r\r            <p><i class=\"fa fa-sitemap\"><\/i> Cabeamento Estruturado<\/p>\r\r            <p><i class=\"fa fa-desktop\" aria-hidden=\"true\"><\/i> Circuito Fechado de TV - CFTV<\/p>\r\r          <\/div>\r\r        <\/p>\r\r      <\/div>\r  <div class=\"tag-andamento\"><\/div>\r   \r   <\/article>\r\r  <\/div>\r<div class=\"col-md-10 col-lg-6\">\r\r  <h5>Vila 11 Vila Mariana - S\u00e3o Paulo \u2013 SP  <i><\/i><\/h5>\r\r  <article class=\"post-minimal\">\r\r    <div class=\"post-left\">\r\r      <figure class=\"post-image\"><img loading=\"lazy\" decoding=\"async\" src=\"https:\/\/autobras.com.br\/wp-content\/uploads\/2024\/03\/Vila-11-Vila-Mariana.png\" alt=\"\" width=\"220\" height=\"224\"><\/figure>\r\r    <\/div>\r\r    <div class=\"post-body\">\r\r      <p>\r\r        <div class=\"servicos\">\r\r<p><i class=\"fa fa-lock\"><\/i> Controle de Acesso<\/p>\r<p><i class=\"fa fa-desktop\" aria-hidden=\"true\"><\/i> Circuito Fechado de TV - CFTV<\/p>\r<p><i class=\"fa fa-fire\"><\/i> Detec\u00e7\u00e3o e Alarme de Inc\u00eandio - SDAI<\/p>\r<p><i class=\"fa fa-phone\"><\/i> Telecomunica\u00e7\u00f5es<\/p>\r\r        <\/div>\r\r      <\/p>\r\r    <\/div>\r<div class=\"tag-andamento\"><div>\r  <\/article>\r\r<\/div>\r\r<div class=\"col-md-10 col-lg-6\">\r\r  <h5>Vila 11 Frei Caneca - S\u00e3o Paulo \u2013 SP  <i><\/i><\/h5>\r\r  <article class=\"post-minimal\">\r\r    <div class=\"post-left\">\r\r      <figure class=\"post-image\"><img loading=\"lazy\" decoding=\"async\" src=\"https:\/\/autobras.com.br\/wp-content\/uploads\/2024\/03\/Vila-11-Frei-Caneca.png\" alt=\"\" width=\"220\" height=\"224\"><\/figure>\r\r    <\/div>\r\r    <div class=\"post-body\">\r\r      <p>\r\r        <div class=\"servicos\">\r\r<p><i class=\"fa fa-lock\"><\/i> Controle de Acesso<\/p>\r<p><i class=\"fa fa-desktop\" aria-hidden=\"true\"><\/i> Circuito Fechado de TV - CFTV<\/p>\r<p><i class=\"fa fa-fire\"><\/i> Detec\u00e7\u00e3o e Alarme de Inc\u00eandio - SDAI<\/p>\r<p><i class=\"fa fa-phone\"><\/i> Telecomunica\u00e7\u00f5es<\/p>\r\r        <\/div>\r\r      <\/p>\r\r    <\/div>\r<div class=\"tag-andamento\"><\/div>\r  <\/article>\r\r<\/div>\r\r  <div class=\"col-md-10 col-lg-6\">\r\r    <h5>Golf Garden - S\u00e3o Paulo - SP <i><\/i><\/h5>\r\r    <article class=\"post-minimal\">\r\r      <div class=\"post-left\">\r\r        <figure class=\"post-image\"><img loading=\"lazy\" decoding=\"async\" src=\"https:\/\/autobras.com.br\/wp-content\/uploads\/2024\/03\/Golf-Garden.png\" alt=\"\" width=\"220\" height=\"224\"><\/figure>\r\r      <\/div>\r\r  \r\r      <div class=\"post-body\">\r\r        <p>\r\r          <div class=\"servicos\">\r\r            <p><i class=\"fa fa-lock\"><\/i> Controle de Acesso<\/p>\r\r            <p><i class=\"fa fa-cogs\"><\/i> Alarme Perimetral<\/p>\r\r            <p><i class=\"fa fa-desktop\" aria-hidden=\"true\"><\/i> Circuito Fechado de TV - CFTV<\/p>\r\r            <p><i class=\"fa fa-phone\"><\/i> Telecomunica\u00e7\u00f5es<\/p>\r\r          <\/div>\r\r        <\/p>\r\r      <\/div>\r\r      <div class=\"tag-andamento\"<\/div>\r\r    <\/article>\r\r  <\/div>\r\r<div class=\"col-md-10 col-lg-6\">\r\r  <h5>Vianna Home - Santos \u2013 SP  <i><\/i><\/h5>\r\r  <article class=\"post-minimal\">\r\r    <div class=\"post-left\">\r\r      <figure class=\"post-image\"><img loading=\"lazy\" decoding=\"async\" src=\"https:\/\/autobras.com.br\/wp-content\/uploads\/2024\/03\/Vianna-Home.png\" alt=\"\" width=\"220\" height=\"224\"><\/figure>\r\r    <\/div>\r\r    <div class=\"post-body\">\r\r      <p>\r\r        <div class=\"servicos\">\r\r<p><i class=\"fa fa-lock\"><\/i> Controle de Acesso<\/p>\r<p><i class=\"fa fa-desktop\" aria-hidden=\"true\"><\/i> Circuito Fechado de TV - CFTV<\/p>\r<p><i class=\"fa fa-fire\"><\/i> Detec\u00e7\u00e3o e Alarme de Inc\u00eandio - SDAI<\/p>\r<p><i class=\"fa fa-phone\"><\/i> Telecomunica\u00e7\u00f5es<\/p>\r\r        <\/div>\r\r      <\/p>\r\r    <\/div>\r<div class=\"tag-andamento\"><\/div>\r  <\/article>\r\r<\/div>\r\r<div class=\"col-md-10 col-lg-6\">\r<h5>Nex One Butant\u00e3 - S\u00e3o Paulo \u2013 SP  <i><\/i><\/h5>\r\r  <article class=\"post-minimal\">\r\r    <div class=\"post-left\">\r\r      <figure class=\"post-image\"><img loading=\"lazy\" decoding=\"async\" src=\"https:\/\/autobras.com.br\/wp-content\/uploads\/2024\/03\/Nex-One.png\" alt=\"\" width=\"220\" height=\"224\"><\/figure>\r\r    <\/div>\r\r    <div class=\"post-body\">\r\r      <p>\r\r        <div class=\"servicos\">\r<p><i class=\"fa fa-cogs\"><\/i> Automa\u00e7\u00e3o Predial<\/p>\r<p><i class=\"fa fa-lock\"><\/i> Controle de Acesso<\/p>\r<p><i class=\"fa fa-desktop\" aria-hidden=\"true\"><\/i> Circuito Fechado de TV - CFTV<\/p>\r<p><i class=\"fa fa-phone\"><\/i> Telecomunica\u00e7\u00f5es<\/p>\r\r        <\/div>\r\r      <\/p>\r\r    <\/div>\r<div class=\"tag-andamento\"><\/div>\r  <\/article>\r\r<\/div>\r\r<div class=\"col-md-10 col-lg-6\">\r<h5>For You Moema - S\u00e3o Paulo \u2013 SP  <i><\/i><\/h5>\r\r  <article class=\"post-minimal\">\r\r    <div class=\"post-left\">\r\r      <figure class=\"post-image\"><img loading=\"lazy\" decoding=\"async\" src=\"https:\/\/autobras.com.br\/wp-content\/uploads\/2024\/03\/For-You-Moema.png\" alt=\"\" width=\"220\" height=\"224\"><\/figure>\r\r    <\/div>\r\r    <div class=\"post-body\">\r\r      <p>\r\r        <div class=\"servicos\">\r<p><i class=\"fa fa-lock\"><\/i> Controle de Acesso<\/p>\r<p><i class=\"fa fa-desktop\" aria-hidden=\"true\"><\/i> Circuito Fechado de TV - CFTV<\/p>\r<p><i class=\"fa fa-fire\"><\/i> Detec\u00e7\u00e3o e Alarme de Inc\u00eandio - SDAI<\/p>\r<p><i class=\"fa fa-phone\"><\/i> Telecomunica\u00e7\u00f5es<\/p>\r\r        <\/div>\r\r      <\/p>\r\r    <\/div>\r<div class=\"tag-andamento\"><\/div>\r  <\/article>\r\r<\/div>\r\r <div class=\"col-md-10 col-lg-6\">\r\r    <h5>Heritage - S\u00e3o Paulo - SP <i><\/i><\/h5>\r\r    <article class=\"post-minimal\">\r\r      <div class=\"post-left\">\r\r        <figure class=\"post-image\"><img loading=\"lazy\" decoding=\"async\" src=\"https:\/\/autobras.com.br\/wp-content\/uploads\/2024\/03\/Heritage.png\" alt=\"\" width=\"220\" height=\"224\"><\/figure>\r\r      <\/div>\r\r  \r\r      <div class=\"post-body\">\r\r        <p>\r\r          <div class=\"servicos\">\r\r            <p><i class=\"fa fa-cogs\"><\/i> Alarme Perimetral<\/p>\r\r            <p><i class=\"fa fa-lock\"><\/i> Controle de Acesso<\/p>\r\r            <p><i class=\"fa fa-desktop\" aria-hidden=\"true\"><\/i> Circuito Fechado de TV - CFTV<\/p>\r\r          <\/div>\r\r        <\/p>\r\r      <\/div>\r<div class=\"tag-andamento\"><\/div>\r    <\/article>\r\r  <\/div>\r \r \r \r \r  \r   <div class=\"col-md-10 col-lg-6\">\r\r    <h5>Helbor Patteo Bosque Maia - Guarulhos - SP <i><\/i><\/h5>\r\r    <article class=\"post-minimal\">\r\r      <div class=\"post-left\">\r\r        <figure class=\"post-image\"><img loading=\"lazy\" decoding=\"async\" src=\"https:\/\/autobras.com.br\/wp-content\/uploads\/2024\/03\/Bosque-Maia.png\" alt=\"\" width=\"220\" height=\"224\"><\/figure>\r\r      <\/div>\r\r  \r\r      <div class=\"post-body\">\r\r        <p>\r\r          <div class=\"servicos\">\r\r\r\r            <p><i class=\"fa fa-lock\"><\/i> Controle de Acesso<\/p>\r\r            <p><i class=\"fa fa-desktop\" aria-hidden=\"true\"><\/i> Circuito Fechado de TV - CFTV<\/p>\r<p><i class=\"fa fa-fire\"><\/i> Detec\u00e7\u00e3o e Alarme de Inc\u00eandio - SDAI<\/p>\r          <\/div>\r\r        <\/p>\r\r      <\/div>\r<div class=\"tag-andamento\"><\/div>\r    <\/article>\r\r  <\/div>\r\r <div class=\"col-md-10 col-lg-6\">\r\r    <h5>Mena Barreto - S\u00e3o Paulo - SP <i><\/i><\/h5>\r\r    <article class=\"post-minimal\">\r\r      <div class=\"post-left\">\r\r        <figure class=\"post-image\"><img loading=\"lazy\" decoding=\"async\" src=\"https:\/\/autobras.com.br\/wp-content\/uploads\/2024\/04\/MenaBarreto.png\" alt=\"\" width=\"220\" height=\"224\"><\/figure>\r\r      <\/div>\r\r  \r\r      <div class=\"post-body\">\r\r        <p>\r\r          <div class=\"servicos\">\r\r\r\r         <p><i class=\"fa fa-cogs\"><\/i> Automa\u00e7\u00e3o Predial<\/p>\r        <p><i class=\"fa fa-lock\"><\/i> Controle de Acesso<\/p>\r<p><i class=\"fa fa-desktop\" aria-hidden=\"true\"><\/i> Circuito Fechado de TV - CFTV<\/p>\r<p><i class=\"fa fa-fire\"><\/i> Detec\u00e7\u00e3o e Alarme de Inc\u00eandio - SDAI<\/p>\r<div class=\"tag-andamento\"><\/div>\r    <\/article>\r\r  <\/div>\r\r\r<div class=\"col-md-10 col-lg-6\">\r\r    <h5>One Sixty - S\u00e3o Paulo - SP <i><\/i><\/h5>\r\r    <article class=\"post-minimal\">\r\r      <div class=\"post-left\">\r\r        <figure class=\"post-image\"><img loading=\"lazy\" decoding=\"async\" src=\"https:\/\/autobras.com.br\/wp-content\/uploads\/2024\/04\/One-Sixty.png\" alt=\"\" width=\"220\" height=\"224\"><\/figure>\r\r      <\/div>\r\r\r      <div class=\"post-body\">\r\r        <p>\r\r          <div class=\"servicos\">\r  \r        <p><i class=\"fa fa-lock\"><\/i> Controle de Acesso<\/p>\r        <p><i class=\"fa fa-cogs\"><\/i> Alarme Perimetral<\/p>\r<p><i class=\"fa fa-desktop\" aria-hidden=\"true\"><\/i> Circuito Fechado de TV - CFTV<\/p>\r<div class=\"tag-andamento\"><\/div>\r    <\/article>\r\r  <\/div>\r\r\r\r\r<div class=\"col-md-10 col-lg-6\">\r\r    <h5>Vila 11 Para\u00edso - S\u00e3o Paulo - SP <i><\/i><\/h5>\r\r    <article class=\"post-minimal\">\r\r      <div class=\"post-left\">\r\r        <figure class=\"post-image\"><img loading=\"lazy\" decoding=\"async\" src=\"https:\/\/autobras.com.br\/wp-content\/uploads\/2024\/04\/Vila11Paraiso.png\" alt=\"\" width=\"220\" height=\"224\"><\/figure>\r\r      <\/div>\r\r\r      <div class=\"post-body\">\r\r        <p>\r\r          <div class=\"servicos\">\r  \r        \r  <p><i class=\"fa fa-lock\"><\/i> Controle de Acesso<\/p>\r  <p><i class=\"fa fa-desktop\" aria-hidden=\"true\"><\/i> Circuito Fechado de TV - CFTV<\/p>\r  <p><i class=\"fa fa-phone\"><\/i> Telecomunica\u00e7\u00f5es<\/p>\r   <p><i class=\"fa fa-volume-up\"><\/i> Sonoriza\u00e7\u00e3o Ambiente<\/p>\r   <p><i class=\"fa fa-cogs\"><\/i> Alarme Perimetral<\/p>\r  \r<div class=\"tag-andamento\"><\/div>\r    <\/article>\r\r  <\/div>\r\r\r\t\t<\/div>\n\t\t\t\t<\/div>\n\t\t\t\t\t<\/div>\n\t\t<\/div>\n\t\t\t\t\t<\/div>\n\t\t<\/section>\n\t\t\t\t<\/div>\n\t\t","protected":false},"excerpt":{"rendered":"<p>Cases \u2013 Uso Misto e Residenciais Home P\u00e1gina Edif\u00edcio Infinity &#8211; S\u00e3o Paulo \u2013 SP Circuito Fechado de TV &#8211; CFTV Controle de Acesso Alarme Perimetral Telecomunica\u00e7\u00f5es Helbor Patteo Klabin &#8211; S\u00e3o Paulo \u2013 SP Circuito Fechado de TV &#8211; CFTV Cabeamento Estruturado Controle de Acesso Detec\u00e7\u00e3o e Alarme de Inc\u00eandio &#8211; SDAI Telecomunica\u00e7\u00f5es Parque [&hellip;]<\/p>\n","protected":false},"author":1,"featured_media":0,"parent":0,"menu_order":0,"comment_status":"closed","ping_status":"closed","template":"","meta":{"footnotes":""},"class_list":["post-2294","page","type-page","status-publish","hentry"],"_links":{"self":[{"href":"https:\/\/autobras.com.br\/index.php?rest_route=\/wp\/v2\/pages\/2294"}],"collection":[{"href":"https:\/\/autobras.com.br\/index.php?rest_route=\/wp\/v2\/pages"}],"about":[{"href":"https:\/\/autobras.com.br\/index.php?rest_route=\/wp\/v2\/types\/page"}],"author":[{"embeddable":true,"href":"https:\/\/autobras.com.br\/index.php?rest_route=\/wp\/v2\/users\/1"}],"replies":[{"embeddable":true,"href":"https:\/\/autobras.com.br\/index.php?rest_route=%2Fwp%2Fv2%2Fcomments&post=2294"}],"version-history":[{"count":111,"href":"https:\/\/autobras.com.br\/index.php?rest_route=\/wp\/v2\/pages\/2294\/revisions"}],"predecessor-version":[{"id":3917,"href":"https:\/\/autobras.com.br\/index.php?rest_route=\/wp\/v2\/pages\/2294\/revisions\/3917"}],"wp:attachment":[{"href":"https:\/\/autobras.com.br\/index.php?rest_route=%2Fwp%2Fv2%2Fmedia&parent=2294"}],"curies":[{"name":"wp","href":"https:\/\/api.w.org\/{rel}","templated":true}]}}