{"id":2059,"date":"2024-02-08T23:43:33","date_gmt":"2024-02-09T02:43:33","guid":{"rendered":"http:\/\/autobras.com.br\/novo\/?page_id=2059"},"modified":"2024-04-03T10:29:50","modified_gmt":"2024-04-03T13:29:50","slug":"missao-visao-e-valores","status":"publish","type":"page","link":"https:\/\/autobras.com.br\/?page_id=2059","title":{"rendered":"Miss\u00e3o, Vis\u00e3o e Valores"},"content":{"rendered":"\t\t<div data-elementor-type=\"wp-page\" data-elementor-id=\"2059\" class=\"elementor elementor-2059\">\n\t\t\t\t\t\t<section class=\"elementor-section elementor-top-section elementor-element elementor-element-71c975b elementor-section-full_width elementor-section-height-default elementor-section-height-default\" data-id=\"71c975b\" data-element_type=\"section\" data-settings=\"{&quot;background_background&quot;:&quot;slideshow&quot;,&quot;background_slideshow_gallery&quot;:[{&quot;id&quot;:1981,&quot;url&quot;:&quot;https:\\\/\\\/autobras.com.br\\\/wp-content\\\/uploads\\\/2024\\\/01\\\/bg1.jpg&quot;},{&quot;id&quot;:1868,&quot;url&quot;:&quot;https:\\\/\\\/autobras.com.br\\\/wp-content\\\/uploads\\\/2023\\\/02\\\/background.jpg&quot;}],&quot;background_slideshow_ken_burns&quot;:&quot;yes&quot;,&quot;background_slideshow_loop&quot;:&quot;yes&quot;,&quot;background_slideshow_slide_duration&quot;:5000,&quot;background_slideshow_slide_transition&quot;:&quot;fade&quot;,&quot;background_slideshow_transition_duration&quot;:500,&quot;background_slideshow_ken_burns_zoom_direction&quot;:&quot;in&quot;}\">\n\t\t\t\t\t\t\t<div class=\"elementor-background-overlay\"><\/div>\n\t\t\t\t\t\t\t<div class=\"elementor-container elementor-column-gap-default\">\n\t\t\t\t\t<div class=\"elementor-column elementor-col-100 elementor-top-column elementor-element elementor-element-6d1fc4f\" data-id=\"6d1fc4f\" data-element_type=\"column\">\n\t\t\t<div class=\"elementor-widget-wrap elementor-element-populated\">\n\t\t\t\t\t\t<div class=\"elementor-element elementor-element-ab03e16 elementor-widget elementor-widget-gva_post_breadcrumb\" data-id=\"ab03e16\" data-element_type=\"widget\" data-widget_type=\"gva_post_breadcrumb.default\">\n\t\t\t\t<div class=\"elementor-widget-container\">\n\t\t\t<div class=\"gva-element-gva_post_breadcrumb gva-element\">   \r\n<div class=\"post-breadcrumb\">\r\n   <div class=\"custom-breadcrumb \" >\r\n            <div class=\"breadcrumb-main\">\r\n        <div class=\"container\">\r\n          <div class=\"breadcrumb-container-inner\">\r\n            <h2 class=\"heading-title\">Miss\u00e3o, Vis\u00e3o e Valores<\/h2><ol class=\"breadcrumb\"><li><a href=\"https:\/\/autobras.com.br\">Home<\/a> <\/li> <li class=\"active\">P\u00e1gina<\/li><\/ol>          <\/div>  \r\n        <\/div>   \r\n      <\/div>  \r\n   <\/div>\r\n<\/div>      \r\n\r\n<\/div>\t\t<\/div>\n\t\t\t\t<\/div>\n\t\t\t\t\t<\/div>\n\t\t<\/div>\n\t\t\t\t\t<\/div>\n\t\t<\/section>\n\t\t\t\t<section class=\"elementor-section elementor-top-section elementor-element elementor-element-96f3206 elementor-section-boxed elementor-section-height-default elementor-section-height-default\" data-id=\"96f3206\" data-element_type=\"section\">\n\t\t\t\t\t\t<div class=\"elementor-container elementor-column-gap-default\">\n\t\t\t\t\t<div class=\"elementor-column elementor-col-100 elementor-top-column elementor-element elementor-element-29fbc75\" data-id=\"29fbc75\" data-element_type=\"column\">\n\t\t\t<div class=\"elementor-widget-wrap elementor-element-populated\">\n\t\t\t\t\t\t<div class=\"elementor-element elementor-element-836fb25 elementor-widget elementor-widget-spacer\" data-id=\"836fb25\" data-element_type=\"widget\" data-widget_type=\"spacer.default\">\n\t\t\t\t<div class=\"elementor-widget-container\">\n\t\t\t\t\t<div class=\"elementor-spacer\">\n\t\t\t<div class=\"elementor-spacer-inner\"><\/div>\n\t\t<\/div>\n\t\t\t\t<\/div>\n\t\t\t\t<\/div>\n\t\t\t\t\t<\/div>\n\t\t<\/div>\n\t\t\t\t\t<\/div>\n\t\t<\/section>\n\t\t\t\t<section class=\"elementor-section elementor-top-section elementor-element elementor-element-7e53917 elementor-section-boxed elementor-section-height-default elementor-section-height-default\" data-id=\"7e53917\" data-element_type=\"section\">\n\t\t\t\t\t\t<div class=\"elementor-container elementor-column-gap-default\">\n\t\t\t\t\t<div class=\"elementor-column elementor-col-50 elementor-top-column elementor-element elementor-element-c9bf958\" data-id=\"c9bf958\" data-element_type=\"column\">\n\t\t\t<div class=\"elementor-widget-wrap elementor-element-populated\">\n\t\t\t\t\t\t<div class=\"elementor-element elementor-element-c3708b1 elementor-widget elementor-widget-image\" data-id=\"c3708b1\" data-element_type=\"widget\" data-widget_type=\"image.default\">\n\t\t\t\t<div class=\"elementor-widget-container\">\n\t\t\t\t\t\t\t\t\t\t\t\t\t<img fetchpriority=\"high\" decoding=\"async\" width=\"429\" height=\"240\" src=\"https:\/\/autobras.com.br\/wp-content\/uploads\/2024\/03\/asa.jpg\" class=\"attachment-large size-large wp-image-2483\" alt=\"\" \/>\t\t\t\t\t\t\t\t\t\t\t\t\t<\/div>\n\t\t\t\t<\/div>\n\t\t\t\t\t<\/div>\n\t\t<\/div>\n\t\t\t\t<div class=\"elementor-column elementor-col-50 elementor-top-column elementor-element elementor-element-ee04e5c\" data-id=\"ee04e5c\" data-element_type=\"column\">\n\t\t\t<div class=\"elementor-widget-wrap elementor-element-populated\">\n\t\t\t\t\t\t<div class=\"elementor-element elementor-element-48c32e1 elementor-widget__width-initial elementor-widget elementor-widget-gva-heading-block\" data-id=\"48c32e1\" data-element_type=\"widget\" data-widget_type=\"gva-heading-block.default\">\n\t\t\t\t<div class=\"elementor-widget-container\">\n\t\t\t<div class=\"gva-element-gva-heading-block gva-element\">   <div class=\"align-left style-1 widget gsc-heading box-align-left auto-responsive\">\r\n      <div class=\"content-inner\">\r\n         \r\n         \r\n           \r\n         \r\n                     <h2 class=\"title\">\r\n               <span>MISS\u00c3O<\/span>\r\n            <\/h2>\r\n                              <div class=\"title-desc\">Em um mundo repleto de desafios e dinamismo, a nossa miss\u00e3o \u00e9 inspirar, inovar e transformar por meio da Automa\u00e7\u00e3o Predial. Somos protagonistas da revolu\u00e7\u00e3o tecnol\u00f3gica para gerar bem-estar, seguran\u00e7a, facilidade e sustentabilidade para a vida da sociedade, que est\u00e1 vivendo cada vez mais em espa\u00e7os multiusos e compartilhados.<\/div>\r\n         \r\n         \r\n      <\/div>\r\n   <\/div>\r\n<\/div>\t\t<\/div>\n\t\t\t\t<\/div>\n\t\t\t\t\t<\/div>\n\t\t<\/div>\n\t\t\t\t\t<\/div>\n\t\t<\/section>\n\t\t\t\t<section class=\"elementor-section elementor-top-section elementor-element elementor-element-2cd316f elementor-section-boxed elementor-section-height-default elementor-section-height-default\" data-id=\"2cd316f\" data-element_type=\"section\">\n\t\t\t\t\t\t<div class=\"elementor-container elementor-column-gap-default\">\n\t\t\t\t\t<div class=\"elementor-column elementor-col-50 elementor-top-column elementor-element elementor-element-12c9aa4\" data-id=\"12c9aa4\" data-element_type=\"column\">\n\t\t\t<div class=\"elementor-widget-wrap elementor-element-populated\">\n\t\t\t\t\t\t<div class=\"elementor-element elementor-element-f64523b elementor-widget elementor-widget-gva-heading-block\" data-id=\"f64523b\" data-element_type=\"widget\" data-widget_type=\"gva-heading-block.default\">\n\t\t\t\t<div class=\"elementor-widget-container\">\n\t\t\t<div class=\"gva-element-gva-heading-block gva-element\">   <div class=\"align-right style-1 widget gsc-heading box-align-left auto-responsive\">\r\n      <div class=\"content-inner\">\r\n         \r\n         \r\n           \r\n         \r\n                     <h2 class=\"title\">\r\n               <span>VIS\u00c3O<\/span>\r\n            <\/h2>\r\n                              <div class=\"title-desc\">Com uma vis\u00e3o audaciosa e engajada com a tecnologia, buscamos criar um mundo melhor. Guiados pelo prop\u00f3sito de trazer experi\u00eancias significativas aos nossos clientes, a Autobras visa ser reconhecida no Brasil, como a melhor e mais eficiente integradora de sistemas eletr\u00f4nicos prediais. Queremos construir uma nova realidade com prioridades inegoci\u00e1veis para a excel\u00eancia em ESG.<\/div>\r\n         \r\n         \r\n      <\/div>\r\n   <\/div>\r\n<\/div>\t\t<\/div>\n\t\t\t\t<\/div>\n\t\t\t\t\t<\/div>\n\t\t<\/div>\n\t\t\t\t<div class=\"elementor-column elementor-col-50 elementor-top-column elementor-element elementor-element-46568b0\" data-id=\"46568b0\" data-element_type=\"column\">\n\t\t\t<div class=\"elementor-widget-wrap elementor-element-populated\">\n\t\t\t\t\t\t<div class=\"elementor-element elementor-element-d79d8fd elementor-widget elementor-widget-image\" data-id=\"d79d8fd\" data-element_type=\"widget\" data-widget_type=\"image.default\">\n\t\t\t\t<div class=\"elementor-widget-container\">\n\t\t\t\t\t\t\t\t\t\t\t\t\t<img decoding=\"async\" width=\"429\" height=\"240\" src=\"https:\/\/autobras.com.br\/wp-content\/uploads\/2024\/03\/dawdww.jpg\" class=\"attachment-large size-large wp-image-2485\" alt=\"\" \/>\t\t\t\t\t\t\t\t\t\t\t\t\t<\/div>\n\t\t\t\t<\/div>\n\t\t\t\t\t<\/div>\n\t\t<\/div>\n\t\t\t\t\t<\/div>\n\t\t<\/section>\n\t\t\t\t<section class=\"elementor-section elementor-top-section elementor-element elementor-element-29e18fe elementor-section-boxed elementor-section-height-default elementor-section-height-default\" data-id=\"29e18fe\" data-element_type=\"section\">\n\t\t\t\t\t\t<div class=\"elementor-container elementor-column-gap-default\">\n\t\t\t\t\t<div class=\"elementor-column elementor-col-50 elementor-top-column elementor-element elementor-element-a3f2ad4\" data-id=\"a3f2ad4\" data-element_type=\"column\">\n\t\t\t<div class=\"elementor-widget-wrap elementor-element-populated\">\n\t\t\t\t\t\t<div class=\"elementor-element elementor-element-bab2785 elementor-widget__width-initial elementor-widget elementor-widget-image\" data-id=\"bab2785\" data-element_type=\"widget\" data-widget_type=\"image.default\">\n\t\t\t\t<div class=\"elementor-widget-container\">\n\t\t\t\t\t\t\t\t\t\t\t\t\t<img decoding=\"async\" width=\"420\" height=\"240\" src=\"https:\/\/autobras.com.br\/wp-content\/uploads\/2024\/03\/daewdee.jpg\" class=\"attachment-large size-large wp-image-2484\" alt=\"\" \/>\t\t\t\t\t\t\t\t\t\t\t\t\t<\/div>\n\t\t\t\t<\/div>\n\t\t\t\t\t<\/div>\n\t\t<\/div>\n\t\t\t\t<div class=\"elementor-column elementor-col-50 elementor-top-column elementor-element elementor-element-df57c46\" data-id=\"df57c46\" data-element_type=\"column\">\n\t\t\t<div class=\"elementor-widget-wrap elementor-element-populated\">\n\t\t\t\t\t\t<div class=\"elementor-element elementor-element-313b0ed elementor-widget__width-initial elementor-widget elementor-widget-gva-heading-block\" data-id=\"313b0ed\" data-element_type=\"widget\" data-widget_type=\"gva-heading-block.default\">\n\t\t\t\t<div class=\"elementor-widget-container\">\n\t\t\t<div class=\"gva-element-gva-heading-block gva-element\">   <div class=\"align-left style-1 widget gsc-heading box-align-left auto-responsive\">\r\n      <div class=\"content-inner\">\r\n         \r\n         \r\n           \r\n         \r\n                     <h2 class=\"title\">\r\n               <span>VALORES<\/span>\r\n            <\/h2>\r\n                              <div class=\"title-desc\">Excel\u00eancia no atendimento ao cliente, acreditando que cada detalhe faz a diferen\u00e7a.<br><br>\n\nQualidade e Inova\u00e7\u00e3o na gest\u00e3o de tudo aquilo que usamos e no servi\u00e7o que prestamos.<br><br>\n\nTranspar\u00eancia com nossos clientes para que as expectativas estejam sempre bem alinhadas.<br><br>\n\nHonestidade, \u00e9tica nas informa\u00e7\u00f5es e nos relacionamentos.<br><br>\nPromover a Responsabilidade Social e a Sustentabilidade atrav\u00e9s de nossos produtos, servi\u00e7os e atitudes.<br><br>\n\nGest\u00e3o humanizada que valoriza o colaborador como chave da miss\u00e3o.<br><br><\/div>\r\n         \r\n         \r\n      <\/div>\r\n   <\/div>\r\n<\/div>\t\t<\/div>\n\t\t\t\t<\/div>\n\t\t\t\t\t<\/div>\n\t\t<\/div>\n\t\t\t\t\t<\/div>\n\t\t<\/section>\n\t\t\t\t<section class=\"elementor-section elementor-top-section elementor-element elementor-element-89b85a7 elementor-section-boxed elementor-section-height-default elementor-section-height-default\" data-id=\"89b85a7\" data-element_type=\"section\">\n\t\t\t\t\t\t<div class=\"elementor-container elementor-column-gap-default\">\n\t\t\t\t\t<div class=\"elementor-column elementor-col-100 elementor-top-column elementor-element elementor-element-a0c6e8a\" data-id=\"a0c6e8a\" data-element_type=\"column\">\n\t\t\t<div class=\"elementor-widget-wrap elementor-element-populated\">\n\t\t\t\t\t\t<div class=\"elementor-element elementor-element-8b6a226 elementor-widget elementor-widget-spacer\" data-id=\"8b6a226\" data-element_type=\"widget\" data-widget_type=\"spacer.default\">\n\t\t\t\t<div class=\"elementor-widget-container\">\n\t\t\t\t\t<div class=\"elementor-spacer\">\n\t\t\t<div class=\"elementor-spacer-inner\"><\/div>\n\t\t<\/div>\n\t\t\t\t<\/div>\n\t\t\t\t<\/div>\n\t\t\t\t\t<\/div>\n\t\t<\/div>\n\t\t\t\t\t<\/div>\n\t\t<\/section>\n\t\t\t\t<\/div>\n\t\t","protected":false},"excerpt":{"rendered":"<p>Miss\u00e3o, Vis\u00e3o e Valores Home P\u00e1gina MISS\u00c3O Em um mundo repleto de desafios e dinamismo, a nossa miss\u00e3o \u00e9 inspirar, inovar e transformar por meio da Automa\u00e7\u00e3o Predial. Somos protagonistas da revolu\u00e7\u00e3o tecnol\u00f3gica para gerar bem-estar, seguran\u00e7a, facilidade e sustentabilidade para a vida da sociedade, que est\u00e1 vivendo cada vez mais em espa\u00e7os multiusos e [&hellip;]<\/p>\n","protected":false},"author":1,"featured_media":0,"parent":0,"menu_order":0,"comment_status":"closed","ping_status":"closed","template":"","meta":{"footnotes":""},"class_list":["post-2059","page","type-page","status-publish","hentry"],"_links":{"self":[{"href":"https:\/\/autobras.com.br\/index.php?rest_route=\/wp\/v2\/pages\/2059"}],"collection":[{"href":"https:\/\/autobras.com.br\/index.php?rest_route=\/wp\/v2\/pages"}],"about":[{"href":"https:\/\/autobras.com.br\/index.php?rest_route=\/wp\/v2\/types\/page"}],"author":[{"embeddable":true,"href":"https:\/\/autobras.com.br\/index.php?rest_route=\/wp\/v2\/users\/1"}],"replies":[{"embeddable":true,"href":"https:\/\/autobras.com.br\/index.php?rest_route=%2Fwp%2Fv2%2Fcomments&post=2059"}],"version-history":[{"count":75,"href":"https:\/\/autobras.com.br\/index.php?rest_route=\/wp\/v2\/pages\/2059\/revisions"}],"predecessor-version":[{"id":3730,"href":"https:\/\/autobras.com.br\/index.php?rest_route=\/wp\/v2\/pages\/2059\/revisions\/3730"}],"wp:attachment":[{"href":"https:\/\/autobras.com.br\/index.php?rest_route=%2Fwp%2Fv2%2Fmedia&parent=2059"}],"curies":[{"name":"wp","href":"https:\/\/api.w.org\/{rel}","templated":true}]}}