{"id":1444,"date":"2020-12-08T03:30:52","date_gmt":"2020-12-08T03:30:52","guid":{"rendered":"https:\/\/gaviaspreview.com\/wp\/sominx\/?page_id=2"},"modified":"2024-03-28T15:48:13","modified_gmt":"2024-03-28T18:48:13","slug":"blog-autobras","status":"publish","type":"page","link":"https:\/\/autobras.com.br\/?page_id=1444","title":{"rendered":"Blog Autobras"},"content":{"rendered":"\t\t<div data-elementor-type=\"wp-page\" data-elementor-id=\"1444\" class=\"elementor elementor-1444\">\n\t\t\t\t\t\t<section class=\"elementor-section elementor-top-section elementor-element elementor-element-aef7c66 elementor-section-full_width elementor-section-height-default elementor-section-height-default\" data-id=\"aef7c66\" data-element_type=\"section\" data-settings=\"{&quot;background_background&quot;:&quot;slideshow&quot;,&quot;background_slideshow_gallery&quot;:[{&quot;id&quot;:1884,&quot;url&quot;:&quot;https:\\\/\\\/autobras.com.br\\\/wp-content\\\/uploads\\\/2023\\\/02\\\/home-slider-1-slide-1.jpg&quot;},{&quot;id&quot;:1985,&quot;url&quot;:&quot;https:\\\/\\\/autobras.com.br\\\/wp-content\\\/uploads\\\/2024\\\/01\\\/bg1-1.jpg&quot;}],&quot;background_slideshow_ken_burns&quot;:&quot;yes&quot;,&quot;background_slideshow_loop&quot;:&quot;yes&quot;,&quot;background_slideshow_slide_duration&quot;:5000,&quot;background_slideshow_slide_transition&quot;:&quot;fade&quot;,&quot;background_slideshow_transition_duration&quot;:500,&quot;background_slideshow_ken_burns_zoom_direction&quot;:&quot;in&quot;}\">\n\t\t\t\t\t\t\t<div class=\"elementor-background-overlay\"><\/div>\n\t\t\t\t\t\t\t<div class=\"elementor-container elementor-column-gap-default\">\n\t\t\t\t\t<div class=\"elementor-column elementor-col-100 elementor-top-column elementor-element elementor-element-e9e569a\" data-id=\"e9e569a\" data-element_type=\"column\">\n\t\t\t<div class=\"elementor-widget-wrap elementor-element-populated\">\n\t\t\t\t\t\t<div class=\"elementor-element elementor-element-e719bb4 elementor-widget elementor-widget-gva_post_breadcrumb\" data-id=\"e719bb4\" data-element_type=\"widget\" data-widget_type=\"gva_post_breadcrumb.default\">\n\t\t\t\t<div class=\"elementor-widget-container\">\n\t\t\t<div class=\"gva-element-gva_post_breadcrumb gva-element\">   \r\n<div class=\"post-breadcrumb\">\r\n   <div class=\"custom-breadcrumb \" >\r\n            <div class=\"breadcrumb-main\">\r\n        <div class=\"container\">\r\n          <div class=\"breadcrumb-container-inner\">\r\n            <h2 class=\"heading-title\">Blog Autobras<\/h2><ol class=\"breadcrumb\"><li><a href=\"https:\/\/autobras.com.br\">Home<\/a> <\/li> <li class=\"active\">P\u00e1gina<\/li><\/ol>          <\/div>  \r\n        <\/div>   \r\n      <\/div>  \r\n   <\/div>\r\n<\/div>      \r\n\r\n<\/div>\t\t<\/div>\n\t\t\t\t<\/div>\n\t\t\t\t\t<\/div>\n\t\t<\/div>\n\t\t\t\t\t<\/div>\n\t\t<\/section>\n\t\t\t\t<section class=\"elementor-section elementor-top-section elementor-element elementor-element-67af41a elementor-section-boxed elementor-section-height-default elementor-section-height-default\" data-id=\"67af41a\" data-element_type=\"section\" data-settings=\"{&quot;background_background&quot;:&quot;classic&quot;}\">\n\t\t\t\t\t\t<div class=\"elementor-container elementor-column-gap-default\">\n\t\t\t\t\t<div class=\"elementor-column elementor-col-50 elementor-top-column elementor-element elementor-element-33d8502\" data-id=\"33d8502\" data-element_type=\"column\">\n\t\t\t<div class=\"elementor-widget-wrap elementor-element-populated\">\n\t\t\t\t\t\t<div class=\"elementor-element elementor-element-dc277d5 elementor-widget elementor-widget-gva-posts\" data-id=\"dc277d5\" data-element_type=\"widget\" data-widget_type=\"gva-posts.default\">\n\t\t\t\t<div class=\"elementor-widget-container\">\n\t\t\t<div class=\"gva-element-gva-posts gva-element\">  \r\n<div class=\"gva-posts-standard clearfix gva-posts\">\r\n\t\t\r\n\t<div class=\"gva-content-items cleafix\"> \r\n\t\t\t<div class=\"item-post\">\r\n   <article id=\"post-4011\" class=\"post post-style-standard post-4011 type-post status-publish format-standard has-post-thumbnail hentry category-blog tag-bms-automacao-predial tag-cftv-inteligente-industrial tag-ia-na-seguranca-industrial tag-integracao-de-sistemas-de-seguranca tag-seguranca-eletronica tag-seguranca-industrial-inteligente tag-tecnologia\">\r\n      \r\n               <div class=\"post-thumbnail\">\r\n            <a href=\"https:\/\/autobras.com.br\/?p=4011\">\r\n               <img fetchpriority=\"high\" decoding=\"async\" width=\"819\" height=\"1024\" src=\"https:\/\/autobras.com.br\/wp-content\/uploads\/2026\/03\/POSTS-AUTOBRAS-2026-03-24T145430.987-819x1024.png\" class=\"attachment-large size-large wp-post-image\" alt=\"Seguran\u00e7a industrial orientada por dados: como l\u00edderes est\u00e3o tomando decis\u00f5es mais r\u00e1pidas e reduzindo riscos operacionais\" srcset=\"https:\/\/autobras.com.br\/wp-content\/uploads\/2026\/03\/POSTS-AUTOBRAS-2026-03-24T145430.987-819x1024.png 819w, https:\/\/autobras.com.br\/wp-content\/uploads\/2026\/03\/POSTS-AUTOBRAS-2026-03-24T145430.987-768x960.png 768w, https:\/\/autobras.com.br\/wp-content\/uploads\/2026\/03\/POSTS-AUTOBRAS-2026-03-24T145430.987.png 1080w\" sizes=\"(max-width: 819px) 100vw, 819px\" \/>            <\/a>\r\n         <\/div>   \r\n         \r\n\r\n      <div class=\"entry-content has-thumbnail\">\r\n         <div class=\"content-inner\">\r\n            <div class=\"entry-meta\">\r\n               <div class=\"clearfix meta-inline post-meta-2\"><span class=\"entry-date\"><i class=\"far fa-calendar-alt\"><\/i>24 de mar\u00e7o de 2026<\/span><span class=\"author-seperate\">\/<\/span><span class=\"post-comment\"><i class=\"far fa-comments\"><\/i>0 comments<\/span><\/div>            <\/div> \r\n            <h3 class=\"entry-title\"><a href=\"https:\/\/autobras.com.br\/?p=4011\" rel=\"bookmark\">Seguran\u00e7a industrial orientada por dados: como l\u00edderes est\u00e3o tomando decis\u00f5es mais r\u00e1pidas e reduzindo riscos operacionais<\/a><\/h3>\r\n                           <div class=\"entry-desc\">\r\n                  A crescente complexidade dos ambientes industriais exige mais do que sistemas de seguran\u00e7a tradicionais. Em opera\u00e7\u00f5es cr\u00edticas, como f\u00e1bricas, data centers, hospitais e centros log\u00edsticos,               <\/div>   \r\n                        <div class=\"read-more\">\r\n               <a href=\"https:\/\/autobras.com.br\/?p=4011\">Read more<\/a>\r\n            <\/div>\r\n         <\/div>\r\n\r\n      <\/div>\r\n   <\/article>   \r\n\r\n  <\/div><div class=\"item-post\">\r\n   <article id=\"post-4006\" class=\"post post-style-standard post-4006 type-post status-publish format-standard has-post-thumbnail hentry category-blog tag-automacao-predial tag-bms-para-subestacoes tag-cftv-industrial tag-controle-de-acesso-inteligente tag-inteligencia-predial tag-monitoramento-de-subestacoes tag-seguranca-eletronica\">\r\n      \r\n               <div class=\"post-thumbnail\">\r\n            <a href=\"https:\/\/autobras.com.br\/?p=4006\">\r\n               <img decoding=\"async\" width=\"819\" height=\"1024\" src=\"https:\/\/autobras.com.br\/wp-content\/uploads\/2026\/02\/POSTS-AUTOBRAS-2026-02-26T085622.272-819x1024.png\" class=\"attachment-large size-large wp-post-image\" alt=\"O que ningu\u00e9m v\u00ea: os riscos invis\u00edveis em subesta\u00e7\u00f5es mal monitoradas\" srcset=\"https:\/\/autobras.com.br\/wp-content\/uploads\/2026\/02\/POSTS-AUTOBRAS-2026-02-26T085622.272-819x1024.png 819w, https:\/\/autobras.com.br\/wp-content\/uploads\/2026\/02\/POSTS-AUTOBRAS-2026-02-26T085622.272-768x960.png 768w, https:\/\/autobras.com.br\/wp-content\/uploads\/2026\/02\/POSTS-AUTOBRAS-2026-02-26T085622.272.png 1080w\" sizes=\"(max-width: 819px) 100vw, 819px\" \/>            <\/a>\r\n         <\/div>   \r\n         \r\n\r\n      <div class=\"entry-content has-thumbnail\">\r\n         <div class=\"content-inner\">\r\n            <div class=\"entry-meta\">\r\n               <div class=\"clearfix meta-inline post-meta-2\"><span class=\"entry-date\"><i class=\"far fa-calendar-alt\"><\/i>10 de mar\u00e7o de 2026<\/span><span class=\"author-seperate\">\/<\/span><span class=\"post-comment\"><i class=\"far fa-comments\"><\/i>0 comments<\/span><\/div>            <\/div> \r\n            <h3 class=\"entry-title\"><a href=\"https:\/\/autobras.com.br\/?p=4006\" rel=\"bookmark\">O que ningu\u00e9m v\u00ea: os riscos invis\u00edveis em subesta\u00e7\u00f5es mal monitoradas<\/a><\/h3>\r\n                           <div class=\"entry-desc\">\r\n                  Subesta\u00e7\u00f5es s\u00e3o ambientes cr\u00edticos, com ativos de alto valor e opera\u00e7\u00e3o em n\u00edveis elevados de energia, sustentando processos industriais, hospitalares, log\u00edsticos e de data centers.               <\/div>   \r\n                        <div class=\"read-more\">\r\n               <a href=\"https:\/\/autobras.com.br\/?p=4006\">Read more<\/a>\r\n            <\/div>\r\n         <\/div>\r\n\r\n      <\/div>\r\n   <\/article>   \r\n\r\n  <\/div><div class=\"item-post\">\r\n   <article id=\"post-4002\" class=\"post post-style-standard post-4002 type-post status-publish format-standard has-post-thumbnail hentry category-blog tag-automacaopredial tag-bms-2 tag-facilities tag-gestaodeativos tag-infraestruturapredial tag-manutencaopreventiva tag-segurancaeletronica tag-controle-de-acesso-inteligente\">\r\n      \r\n               <div class=\"post-thumbnail\">\r\n            <a href=\"https:\/\/autobras.com.br\/?p=4002\">\r\n               <img decoding=\"async\" width=\"819\" height=\"1024\" src=\"https:\/\/autobras.com.br\/wp-content\/uploads\/2026\/02\/POSTS-AUTOBRAS-2026-02-25T150008.344-819x1024.png\" class=\"attachment-large size-large wp-post-image\" alt=\"Manuten\u00e7\u00e3o Preventiva: o que separa opera\u00e7\u00f5es eficientes de opera\u00e7\u00f5es vulner\u00e1veis\" srcset=\"https:\/\/autobras.com.br\/wp-content\/uploads\/2026\/02\/POSTS-AUTOBRAS-2026-02-25T150008.344-819x1024.png 819w, https:\/\/autobras.com.br\/wp-content\/uploads\/2026\/02\/POSTS-AUTOBRAS-2026-02-25T150008.344-768x960.png 768w, https:\/\/autobras.com.br\/wp-content\/uploads\/2026\/02\/POSTS-AUTOBRAS-2026-02-25T150008.344.png 1080w\" sizes=\"(max-width: 819px) 100vw, 819px\" \/>            <\/a>\r\n         <\/div>   \r\n         \r\n\r\n      <div class=\"entry-content has-thumbnail\">\r\n         <div class=\"content-inner\">\r\n            <div class=\"entry-meta\">\r\n               <div class=\"clearfix meta-inline post-meta-2\"><span class=\"entry-date\"><i class=\"far fa-calendar-alt\"><\/i>25 de fevereiro de 2026<\/span><span class=\"author-seperate\">\/<\/span><span class=\"post-comment\"><i class=\"far fa-comments\"><\/i>0 comments<\/span><\/div>            <\/div> \r\n            <h3 class=\"entry-title\"><a href=\"https:\/\/autobras.com.br\/?p=4002\" rel=\"bookmark\">Manuten\u00e7\u00e3o Preventiva: o que separa opera\u00e7\u00f5es eficientes de opera\u00e7\u00f5es vulner\u00e1veis<\/a><\/h3>\r\n                           <div class=\"entry-desc\">\r\n                  Manuten\u00e7\u00e3o n\u00e3o \u00e9 custo. \u00c9 seguran\u00e7a, continuidade e economia. Para gestores de engenharia, facilities, manuten\u00e7\u00e3o e opera\u00e7\u00f5es, a manuten\u00e7\u00e3o preventiva j\u00e1 \u00e9 uma pr\u00e1tica conhecida.               <\/div>   \r\n                        <div class=\"read-more\">\r\n               <a href=\"https:\/\/autobras.com.br\/?p=4002\">Read more<\/a>\r\n            <\/div>\r\n         <\/div>\r\n\r\n      <\/div>\r\n   <\/article>   \r\n\r\n  <\/div>\r\n\t\t\t\t\t<div class=\"pagination\">\r\n\t\t\t\t<div class=\"column one pager_wrapper\"><div class=\"pager\"><div class=\"paginations\"><a href=\"https:\/\/autobras.com.br\/index.php?rest_route=%2Fwp%2Fv2%2Fpages%2F1444\" class=\"page-item active\">1<\/a><a href=\"https:\/\/autobras.com.br\/index.php?rest_route=%2Fwp%2Fv2%2Fpages%2F1444&#038;paged=2\" class=\"page-item\">2<\/a><a href=\"https:\/\/autobras.com.br\/index.php?rest_route=%2Fwp%2Fv2%2Fpages%2F1444&#038;paged=3\" class=\"page-item\">3<\/a><span class=\"page-item\">... <\/span><a href=\"https:\/\/autobras.com.br\/index.php?rest_route=%2Fwp%2Fv2%2Fpages%2F1444&#038;paged=5\" class=\"page-item\">5<\/a><a class=\"next_page\" href=\"https:\/\/autobras.com.br\/index.php?rest_route=%2Fwp%2Fv2%2Fpages%2F1444&#038;paged=2\"><i class=\"fas fa-chevron-right\"><\/i><\/a><\/div><\/div><\/div>\n\t\t\t<\/div>\r\n\t\t\t<\/div>\r\n\r\n<\/div>\r\n\r\n<\/div>\t\t<\/div>\n\t\t\t\t<\/div>\n\t\t\t\t\t<\/div>\n\t\t<\/div>\n\t\t\t\t<div class=\"elementor-column elementor-col-50 elementor-top-column elementor-element elementor-element-28ed83e\" data-id=\"28ed83e\" data-element_type=\"column\">\n\t\t\t<div class=\"elementor-widget-wrap elementor-element-populated\">\n\t\t\t\t\t\t<section class=\"elementor-section elementor-inner-section elementor-element elementor-element-274e2dc elementor-section-boxed elementor-section-height-default elementor-section-height-default\" data-id=\"274e2dc\" data-element_type=\"section\" data-settings=\"{&quot;background_background&quot;:&quot;classic&quot;}\">\n\t\t\t\t\t\t<div class=\"elementor-container elementor-column-gap-default\">\n\t\t\t\t\t<div class=\"elementor-column elementor-col-100 elementor-inner-column elementor-element elementor-element-2ad4a04\" data-id=\"2ad4a04\" data-element_type=\"column\">\n\t\t\t<div class=\"elementor-widget-wrap elementor-element-populated\">\n\t\t\t\t\t\t<div class=\"elementor-element elementor-element-a85e254 elementor-widget elementor-widget-gva-heading-block\" data-id=\"a85e254\" data-element_type=\"widget\" data-widget_type=\"gva-heading-block.default\">\n\t\t\t\t<div class=\"elementor-widget-container\">\n\t\t\t<div class=\"gva-element-gva-heading-block gva-element\">   <div class=\"align-left style-3 widget gsc-heading box-align-left auto-responsive\">\r\n      <div class=\"content-inner\">\r\n         \r\n         \r\n           \r\n         \r\n                     <h3 class=\"title\">\r\n               <span>Posts Recentes<\/span>\r\n            <\/h3>\r\n                  \r\n         \r\n      <\/div>\r\n   <\/div>\r\n<\/div>\t\t<\/div>\n\t\t\t\t<\/div>\n\t\t\t\t<div class=\"elementor-element elementor-element-fd1cbcf elementor-widget elementor-widget-gva-posts\" data-id=\"fd1cbcf\" data-element_type=\"widget\" data-widget_type=\"gva-posts.default\">\n\t\t\t\t<div class=\"elementor-widget-container\">\n\t\t\t<div class=\"gva-element-gva-posts gva-element\">  \r\n  <div class=\"gva-posts-list-small clearfix gva-posts\">\r\n      <div class=\"gva-content-items\"> \r\n         <div class=\"post post-block-small\">      \r\n   <div class=\"post-content\">\r\n      <div class=\"post-thumbnail\">\r\n         <a class=\"link-image-content\" href=\"https:\/\/autobras.com.br\/?p=4011\">\r\n            <img loading=\"lazy\" decoding=\"async\" width=\"175\" height=\"175\" src=\"https:\/\/autobras.com.br\/wp-content\/uploads\/2026\/03\/POSTS-AUTOBRAS-2026-03-24T145430.987-175x175.png\" class=\"attachment-thumbnail size-thumbnail wp-post-image\" alt=\"\" \/>         <\/a>\r\n      <\/div>\r\n      <div class=\"content-inner\">\r\n         <div class=\"entry-meta clearfix\">\r\n            <div class=\"clearfix meta-inline post-meta-1\"><span class=\"author vcard\"><i class=\"far fa-user-circle\"><\/i>autobras<\/span><span class=\"line\">\/<\/span><span class=\"post-comment\"><i class=\"far fa-comments\"><\/i>0 Comments<\/span><\/div>         <\/div> \r\n         <h3 class=\"entry-title\"><a href=\"https:\/\/autobras.com.br\/?p=4011\">Seguran\u00e7a industrial orientada por dados: como l\u00edderes est\u00e3o tomando decis\u00f5es mais r\u00e1pidas e reduzindo riscos operacionais<\/a><\/h3> \r\n      <\/div>    \r\n   <\/div>   \r\n<\/div>\r\n\r\n  <div class=\"post post-block-small\">      \r\n   <div class=\"post-content\">\r\n      <div class=\"post-thumbnail\">\r\n         <a class=\"link-image-content\" href=\"https:\/\/autobras.com.br\/?p=4006\">\r\n            <img loading=\"lazy\" decoding=\"async\" width=\"175\" height=\"175\" src=\"https:\/\/autobras.com.br\/wp-content\/uploads\/2026\/02\/POSTS-AUTOBRAS-2026-02-26T085622.272-175x175.png\" class=\"attachment-thumbnail size-thumbnail wp-post-image\" alt=\"\" \/>         <\/a>\r\n      <\/div>\r\n      <div class=\"content-inner\">\r\n         <div class=\"entry-meta clearfix\">\r\n            <div class=\"clearfix meta-inline post-meta-1\"><span class=\"author vcard\"><i class=\"far fa-user-circle\"><\/i>autobras<\/span><span class=\"line\">\/<\/span><span class=\"post-comment\"><i class=\"far fa-comments\"><\/i>0 Comments<\/span><\/div>         <\/div> \r\n         <h3 class=\"entry-title\"><a href=\"https:\/\/autobras.com.br\/?p=4006\">O que ningu\u00e9m v\u00ea: os riscos invis\u00edveis em subesta\u00e7\u00f5es mal monitoradas<\/a><\/h3> \r\n      <\/div>    \r\n   <\/div>   \r\n<\/div>\r\n\r\n  <div class=\"post post-block-small\">      \r\n   <div class=\"post-content\">\r\n      <div class=\"post-thumbnail\">\r\n         <a class=\"link-image-content\" href=\"https:\/\/autobras.com.br\/?p=4002\">\r\n            <img loading=\"lazy\" decoding=\"async\" width=\"175\" height=\"175\" src=\"https:\/\/autobras.com.br\/wp-content\/uploads\/2026\/02\/POSTS-AUTOBRAS-2026-02-25T150008.344-175x175.png\" class=\"attachment-thumbnail size-thumbnail wp-post-image\" alt=\"\" \/>         <\/a>\r\n      <\/div>\r\n      <div class=\"content-inner\">\r\n         <div class=\"entry-meta clearfix\">\r\n            <div class=\"clearfix meta-inline post-meta-1\"><span class=\"author vcard\"><i class=\"far fa-user-circle\"><\/i>autobras<\/span><span class=\"line\">\/<\/span><span class=\"post-comment\"><i class=\"far fa-comments\"><\/i>0 Comments<\/span><\/div>         <\/div> \r\n         <h3 class=\"entry-title\"><a href=\"https:\/\/autobras.com.br\/?p=4002\">Manuten\u00e7\u00e3o Preventiva: o que separa opera\u00e7\u00f5es eficientes de opera\u00e7\u00f5es vulner\u00e1veis<\/a><\/h3> \r\n      <\/div>    \r\n   <\/div>   \r\n<\/div>\r\n\r\n  <div class=\"post post-block-small\">      \r\n   <div class=\"post-content\">\r\n      <div class=\"post-thumbnail\">\r\n         <a class=\"link-image-content\" href=\"https:\/\/autobras.com.br\/?p=3994\">\r\n            <img loading=\"lazy\" decoding=\"async\" width=\"175\" height=\"175\" src=\"https:\/\/autobras.com.br\/wp-content\/uploads\/2026\/02\/POSTS-AUTOBRAS-2026-02-12T103419.961-175x175.png\" class=\"attachment-thumbnail size-thumbnail wp-post-image\" alt=\"\" \/>         <\/a>\r\n      <\/div>\r\n      <div class=\"content-inner\">\r\n         <div class=\"entry-meta clearfix\">\r\n            <div class=\"clearfix meta-inline post-meta-1\"><span class=\"author vcard\"><i class=\"far fa-user-circle\"><\/i>autobras<\/span><span class=\"line\">\/<\/span><span class=\"post-comment\"><i class=\"far fa-comments\"><\/i>0 Comments<\/span><\/div>         <\/div> \r\n         <h3 class=\"entry-title\"><a href=\"https:\/\/autobras.com.br\/?p=3994\">O que um BMS bem configurado evita?Automa\u00e7\u00e3o n\u00e3o \u00e9 luxo. \u00c9 gest\u00e3o.<\/a><\/h3> \r\n      <\/div>    \r\n   <\/div>   \r\n<\/div>\r\n\r\n  <div class=\"post post-block-small\">      \r\n   <div class=\"post-content\">\r\n      <div class=\"post-thumbnail\">\r\n         <a class=\"link-image-content\" href=\"https:\/\/autobras.com.br\/?p=3987\">\r\n            <img loading=\"lazy\" decoding=\"async\" width=\"175\" height=\"175\" src=\"https:\/\/autobras.com.br\/wp-content\/uploads\/2026\/01\/POSTS-AUTOBRAS-12-175x175.png\" class=\"attachment-thumbnail size-thumbnail wp-post-image\" alt=\"\" \/>         <\/a>\r\n      <\/div>\r\n      <div class=\"content-inner\">\r\n         <div class=\"entry-meta clearfix\">\r\n            <div class=\"clearfix meta-inline post-meta-1\"><span class=\"author vcard\"><i class=\"far fa-user-circle\"><\/i>autobras<\/span><span class=\"line\">\/<\/span><span class=\"post-comment\"><i class=\"far fa-comments\"><\/i>0 Comments<\/span><\/div>         <\/div> \r\n         <h3 class=\"entry-title\"><a href=\"https:\/\/autobras.com.br\/?p=3987\">Planejamento Predial para 2026: Como preparar seu empreendimento para crescer com seguran\u00e7a, tecnologia e conformidade<\/a><\/h3> \r\n      <\/div>    \r\n   <\/div>   \r\n<\/div>\r\n\r\n  <div class=\"post post-block-small\">      \r\n   <div class=\"post-content\">\r\n      <div class=\"post-thumbnail\">\r\n         <a class=\"link-image-content\" href=\"https:\/\/autobras.com.br\/?p=3962\">\r\n            <img loading=\"lazy\" decoding=\"async\" width=\"175\" height=\"175\" src=\"https:\/\/autobras.com.br\/wp-content\/uploads\/2024\/03\/BLOG-45-175x175.png\" class=\"attachment-thumbnail size-thumbnail wp-post-image\" alt=\"\" \/>         <\/a>\r\n      <\/div>\r\n      <div class=\"content-inner\">\r\n         <div class=\"entry-meta clearfix\">\r\n            <div class=\"clearfix meta-inline post-meta-1\"><span class=\"author vcard\"><i class=\"far fa-user-circle\"><\/i>autobras<\/span><span class=\"line\">\/<\/span><span class=\"post-comment\"><i class=\"far fa-comments\"><\/i>0 Comments<\/span><\/div>         <\/div> \r\n         <h3 class=\"entry-title\"><a href=\"https:\/\/autobras.com.br\/?p=3962\">Efici\u00eancia Energ\u00e9tica: Reduza Custos com Automa\u00e7\u00e3o Predial<\/a><\/h3> \r\n      <\/div>    \r\n   <\/div>   \r\n<\/div>\r\n\r\n  <div class=\"post post-block-small\">      \r\n   <div class=\"post-content\">\r\n      <div class=\"post-thumbnail\">\r\n         <a class=\"link-image-content\" href=\"https:\/\/autobras.com.br\/?p=2229\">\r\n            <img loading=\"lazy\" decoding=\"async\" width=\"175\" height=\"175\" src=\"https:\/\/autobras.com.br\/wp-content\/uploads\/2024\/03\/Operador-logistico-175x175.jpg\" class=\"attachment-thumbnail size-thumbnail wp-post-image\" alt=\"\" \/>         <\/a>\r\n      <\/div>\r\n      <div class=\"content-inner\">\r\n         <div class=\"entry-meta clearfix\">\r\n            <div class=\"clearfix meta-inline post-meta-1\"><span class=\"author vcard\"><i class=\"far fa-user-circle\"><\/i>admin<\/span><span class=\"line\">\/<\/span><span class=\"post-comment\"><i class=\"far fa-comments\"><\/i>0 Comments<\/span><\/div>         <\/div> \r\n         <h3 class=\"entry-title\"><a href=\"https:\/\/autobras.com.br\/?p=2229\">Empreendimento industrial e log\u00edstico<\/a><\/h3> \r\n      <\/div>    \r\n   <\/div>   \r\n<\/div>\r\n\r\n  <div class=\"post post-block-small\">      \r\n   <div class=\"post-content\">\r\n      <div class=\"post-thumbnail\">\r\n         <a class=\"link-image-content\" href=\"https:\/\/autobras.com.br\/?p=2226\">\r\n            <img loading=\"lazy\" decoding=\"async\" width=\"175\" height=\"175\" src=\"https:\/\/autobras.com.br\/wp-content\/uploads\/2024\/03\/BLOG-45-175x175.png\" class=\"attachment-thumbnail size-thumbnail wp-post-image\" alt=\"\" \/>         <\/a>\r\n      <\/div>\r\n      <div class=\"content-inner\">\r\n         <div class=\"entry-meta clearfix\">\r\n            <div class=\"clearfix meta-inline post-meta-1\"><span class=\"author vcard\"><i class=\"far fa-user-circle\"><\/i>admin<\/span><span class=\"line\">\/<\/span><span class=\"post-comment\"><i class=\"far fa-comments\"><\/i>0 Comments<\/span><\/div>         <\/div> \r\n         <h3 class=\"entry-title\"><a href=\"https:\/\/autobras.com.br\/?p=2226\">O futuro do desenvolvimento imobili\u00e1rio<\/a><\/h3> \r\n      <\/div>    \r\n   <\/div>   \r\n<\/div>\r\n\r\n  <div class=\"post post-block-small\">      \r\n   <div class=\"post-content\">\r\n      <div class=\"post-thumbnail\">\r\n         <a class=\"link-image-content\" href=\"https:\/\/autobras.com.br\/?p=2224\">\r\n            <img loading=\"lazy\" decoding=\"async\" width=\"175\" height=\"175\" src=\"https:\/\/autobras.com.br\/wp-content\/uploads\/2024\/02\/predio-1-175x175.jpg\" class=\"attachment-thumbnail size-thumbnail wp-post-image\" alt=\"\" \/>         <\/a>\r\n      <\/div>\r\n      <div class=\"content-inner\">\r\n         <div class=\"entry-meta clearfix\">\r\n            <div class=\"clearfix meta-inline post-meta-1\"><span class=\"author vcard\"><i class=\"far fa-user-circle\"><\/i>admin<\/span><span class=\"line\">\/<\/span><span class=\"post-comment\"><i class=\"far fa-comments\"><\/i>0 Comments<\/span><\/div>         <\/div> \r\n         <h3 class=\"entry-title\"><a href=\"https:\/\/autobras.com.br\/?p=2224\">Otimize seus empreendimentos Multifamily<\/a><\/h3> \r\n      <\/div>    \r\n   <\/div>   \r\n<\/div>\r\n\r\n        <\/div>\r\n        <\/div>\r\n  <\/div>\t\t<\/div>\n\t\t\t\t<\/div>\n\t\t\t\t\t<\/div>\n\t\t<\/div>\n\t\t\t\t\t<\/div>\n\t\t<\/section>\n\t\t\t\t\t<\/div>\n\t\t<\/div>\n\t\t\t\t\t<\/div>\n\t\t<\/section>\n\t\t\t\t<\/div>\n\t\t","protected":false},"excerpt":{"rendered":"<p>Experi\u00eancia do cliente: Como a tecnologia est\u00e1 ajudando a criar ambientes interativos Home 3 de mar\u00e7o de 2024\/0 comments Empreendimento industrial e log\u00edstico Potencialize Seu Empreendimento Industrial e Log\u00edstico com a Converg\u00eancia Tecnol\u00f3gica!\u00a0Voc\u00ea est\u00e1 pronto para levar sua infraestrutura industrial e log\u00edstica a um novo patamar de efici\u00eancia Read more 3 de mar\u00e7o de 2024\/0 [&hellip;]<\/p>\n","protected":false},"author":1,"featured_media":0,"parent":0,"menu_order":0,"comment_status":"closed","ping_status":"closed","template":"","meta":{"footnotes":""},"class_list":["post-1444","page","type-page","status-publish","hentry"],"_links":{"self":[{"href":"https:\/\/autobras.com.br\/index.php?rest_route=\/wp\/v2\/pages\/1444"}],"collection":[{"href":"https:\/\/autobras.com.br\/index.php?rest_route=\/wp\/v2\/pages"}],"about":[{"href":"https:\/\/autobras.com.br\/index.php?rest_route=\/wp\/v2\/types\/page"}],"author":[{"embeddable":true,"href":"https:\/\/autobras.com.br\/index.php?rest_route=\/wp\/v2\/users\/1"}],"replies":[{"embeddable":true,"href":"https:\/\/autobras.com.br\/index.php?rest_route=%2Fwp%2Fv2%2Fcomments&post=1444"}],"version-history":[{"count":16,"href":"https:\/\/autobras.com.br\/index.php?rest_route=\/wp\/v2\/pages\/1444\/revisions"}],"predecessor-version":[{"id":3319,"href":"https:\/\/autobras.com.br\/index.php?rest_route=\/wp\/v2\/pages\/1444\/revisions\/3319"}],"wp:attachment":[{"href":"https:\/\/autobras.com.br\/index.php?rest_route=%2Fwp%2Fv2%2Fmedia&parent=1444"}],"curies":[{"name":"wp","href":"https:\/\/api.w.org\/{rel}","templated":true}]}}